{"id":339,"date":"2025-04-27T19:06:25","date_gmt":"2025-04-27T19:06:25","guid":{"rendered":"http:\/\/cad-service.tech\/?page_id=339"},"modified":"2025-08-01T07:41:11","modified_gmt":"2025-08-01T07:41:11","slug":"legal-notice","status":"publish","type":"page","link":"https:\/\/cad-service.tech\/de\/legal-notice\/","title":{"rendered":"Impressum"},"content":{"rendered":"<div data-colibri-id=\"339-c1\" class=\"style-489 style-local-339-c1 position-relative\">\n  <!---->\n  <div data-colibri-component=\"section\" data-colibri-id=\"339-c2\" id=\"custom\" class=\"h-section h-section-global-spacing d-flex align-items-lg-center align-items-md-center align-items-center style-490 style-local-339-c2 position-relative\">\n    <!---->\n    <!---->\n    <div class=\"h-section-grid-container h-section-boxed-container\">\n      <!---->\n      <div data-colibri-id=\"339-c3\" class=\"h-row-container gutters-row-lg-2 gutters-row-md-2 gutters-row-0 gutters-row-v-lg-2 gutters-row-v-md-2 gutters-row-v-2 style-491 style-local-339-c3 position-relative\">\n        <!---->\n        <div class=\"h-row justify-content-lg-center justify-content-md-center justify-content-center align-items-lg-stretch align-items-md-stretch align-items-stretch gutters-col-lg-2 gutters-col-md-2 gutters-col-0 gutters-col-v-lg-2 gutters-col-v-md-2 gutters-col-v-2\">\n          <!---->\n          <div class=\"h-column h-column-container d-flex h-col-lg-auto h-col-md-auto h-col-auto style-492-outer style-local-339-c4-outer\">\n            <div data-colibri-id=\"339-c4\" class=\"d-flex h-flex-basis h-column__inner h-px-lg-2 h-px-md-2 h-px-2 v-inner-lg-2 v-inner-md-2 v-inner-2 style-492 style-local-339-c4 position-relative\">\n              <!---->\n              <!---->\n              <div class=\"w-100 h-y-container h-column__content h-column__v-align flex-basis-100 align-self-lg-start align-self-md-start align-self-start\">\n                <!---->\n                <div data-colibri-id=\"339-c5\" class=\"h-global-transition-all h-heading style-493 style-local-339-c5 position-relative h-element\">\n                  <!---->\n                  <div class=\"h-heading__outer style-493 style-local-339-c5\">\n                    <!---->\n                    <!---->\n                    <h1 class=\"\">Impressum<\/h1>\n                  <\/div>\n                <\/div>\n              <\/div>\n            <\/div>\n          <\/div>\n        <\/div>\n      <\/div>\n    <\/div>\n  <\/div>\n  <div data-colibri-component=\"section\" data-colibri-id=\"339-c6\" id=\"custom-2\" class=\"h-section h-section-global-spacing d-flex align-items-lg-center align-items-md-center align-items-center style-494 style-local-339-c6 position-relative\">\n    <!---->\n    <!---->\n    <div class=\"h-section-grid-container h-section-boxed-container\">\n      <!---->\n      <div data-colibri-id=\"339-c7\" class=\"h-row-container gutters-row-lg-2 gutters-row-md-2 gutters-row-0 gutters-row-v-lg-2 gutters-row-v-md-2 gutters-row-v-2 style-495 style-local-339-c7 position-relative\">\n        <!---->\n        <div class=\"h-row justify-content-lg-center justify-content-md-center justify-content-center align-items-lg-stretch align-items-md-stretch align-items-stretch gutters-col-lg-2 gutters-col-md-2 gutters-col-0 gutters-col-v-lg-2 gutters-col-v-md-2 gutters-col-v-2\">\n          <!---->\n          <div class=\"h-column h-column-container d-flex h-col-lg-auto h-col-md-auto h-col-auto style-496-outer style-local-339-c8-outer\">\n            <div data-colibri-id=\"339-c8\" class=\"d-flex h-flex-basis h-column__inner h-px-lg-2 h-px-md-2 h-px-2 v-inner-lg-2 v-inner-md-2 v-inner-2 style-496 style-local-339-c8 position-relative\">\n              <!---->\n              <!---->\n              <div class=\"w-100 h-y-container h-column__content h-column__v-align flex-basis-100 align-self-lg-start align-self-md-start align-self-start\">\n                <!---->\n                <div data-colibri-id=\"339-c9\" class=\"h-text h-text-component style-497 style-local-339-c9 position-relative h-element\">\n                  <!---->\n                  <!---->\n                  <div class=\"\">\n                    <p>Michael G\u00fcnther-Geffers<\/p>\n                    <p>Berta-von-Sutter-Platz 26<\/p>\n                    <p>30173 Hannover<\/p>\n                    <p>Deutschland<\/p>\n                    <p>\n                      <br>\n                    <\/p>\n                    <p>Tel.: +491702243736<\/p>\n                    <p>E-Mail: m.guenthergeffers@gmail.com<\/p>\n                    <p>\n                      <br>\n                    <\/p>\n                    <p>Umsatzsteuer-Identifikationsnummer: DE369483371<\/p>\n                    <p>\n                      <br>\n                    <\/p>\n                    <p>Zust\u00e4ndige Aufsichtsbeh\u00f6rde f\u00fcr die Erbringung von audiovisuellen Mediendiensten:<\/p>\n                    <p>Nieders\u00e4chsische Landesmedienanstalt (NLM), Seelhorststra\u00dfe 18, 30175 Hanover, Germany<\/p>\n                    <p>\n                      <br>\n                    <\/p>\n                  <\/div>\n                <\/div>\n                <div data-colibri-id=\"339-c12\" class=\"h-text h-text-component style-584 style-local-339-c12 position-relative h-element\">\n                  <!---->\n                  <!---->\n                  <div class=\"\">\n                    <p>Wir sind weder verpflichtet noch bereit, an einem Streitbeilegungsverfahren vor einer Verbraucherschlichtungsstelle teilzunehmen.<\/p>\n                  <\/div>\n                <\/div>\n              <\/div>\n            <\/div>\n          <\/div>\n        <\/div>\n      <\/div>\n    <\/div>\n  <\/div>\n<\/div>","protected":false},"excerpt":{"rendered":"<p>Legal Notice Michael G\u00fcnther-Geffers Berta-von-Sutter-Platz 26 30173 Hannover Deutschland Tel.: +491702243736 E-Mail: m.guenthergeffers@gmail.com Sales tax identification number: DE369483371 Competent supervisory authority for the provision of audiovisual media services: Lower Saxony State Media Authority (NLM), Seelhorststra\u00dfe 18, 30175 Hanover, Germany We are neither obliged nor willing to participate in dispute resolution proceedings before a consumer arbitration [&hellip;]<\/p>\n","protected":false},"author":1,"featured_media":0,"parent":0,"menu_order":0,"comment_status":"closed","ping_status":"closed","template":"page-templates\/full-width-page.php","meta":{"footnotes":""},"class_list":["post-339","page","type-page","status-publish","hentry"],"yoast_head":"<!-- This site is optimized with the Yoast SEO plugin v27.5 - https:\/\/yoast.com\/product\/yoast-seo-wordpress\/ -->\n<title>Legal Notice - Service for CAD Software<\/title>\n<meta name=\"robots\" content=\"index, follow, max-snippet:-1, max-image-preview:large, max-video-preview:-1\" \/>\n<link rel=\"canonical\" href=\"https:\/\/cad-service.tech\/de\/legal-notice\/\" \/>\n<meta property=\"og:locale\" content=\"de_DE\" \/>\n<meta property=\"og:type\" content=\"article\" \/>\n<meta property=\"og:title\" content=\"Legal Notice - Service for CAD Software\" \/>\n<meta property=\"og:description\" content=\"Legal Notice Michael G\u00fcnther-Geffers Berta-von-Sutter-Platz 26 30173 Hannover Deutschland Tel.: +491702243736 E-Mail: m.guenthergeffers@gmail.com Sales tax identification number: DE369483371 Competent supervisory authority for the provision of audiovisual media services: Lower Saxony State Media Authority (NLM), Seelhorststra\u00dfe 18, 30175 Hanover, Germany We are neither obliged nor willing to participate in dispute resolution proceedings before a consumer arbitration [&hellip;]\" \/>\n<meta property=\"og:url\" content=\"https:\/\/cad-service.tech\/de\/legal-notice\/\" \/>\n<meta property=\"og:site_name\" content=\"Service for CAD Software\" \/>\n<meta property=\"article:modified_time\" content=\"2025-08-01T07:41:11+00:00\" \/>\n<meta name=\"twitter:card\" content=\"summary_large_image\" \/>\n<meta name=\"twitter:label1\" content=\"Gesch\u00e4tzte Lesezeit\" \/>\n\t<meta name=\"twitter:data1\" content=\"1\u00a0Minute\" \/>\n<script type=\"application\/ld+json\" class=\"yoast-schema-graph\">{\"@context\":\"https:\\\/\\\/schema.org\",\"@graph\":[{\"@type\":\"WebPage\",\"@id\":\"https:\\\/\\\/cad-service.tech\\\/legal-notice\\\/\",\"url\":\"https:\\\/\\\/cad-service.tech\\\/legal-notice\\\/\",\"name\":\"Legal Notice - Service for CAD Software\",\"isPartOf\":{\"@id\":\"http:\\\/\\\/cad-service.tech\\\/#website\"},\"datePublished\":\"2025-04-27T19:06:25+00:00\",\"dateModified\":\"2025-08-01T07:41:11+00:00\",\"breadcrumb\":{\"@id\":\"https:\\\/\\\/cad-service.tech\\\/legal-notice\\\/#breadcrumb\"},\"inLanguage\":\"de\",\"potentialAction\":[{\"@type\":\"ReadAction\",\"target\":[\"https:\\\/\\\/cad-service.tech\\\/legal-notice\\\/\"]}]},{\"@type\":\"BreadcrumbList\",\"@id\":\"https:\\\/\\\/cad-service.tech\\\/legal-notice\\\/#breadcrumb\",\"itemListElement\":[{\"@type\":\"ListItem\",\"position\":1,\"name\":\"Startseite\",\"item\":\"http:\\\/\\\/cad-service.tech\\\/\"},{\"@type\":\"ListItem\",\"position\":2,\"name\":\"Legal Notice\"}]},{\"@type\":\"WebSite\",\"@id\":\"http:\\\/\\\/cad-service.tech\\\/#website\",\"url\":\"http:\\\/\\\/cad-service.tech\\\/\",\"name\":\"Service for CAD Software\",\"description\":\"Eine andere WordPress-Site.\",\"potentialAction\":[{\"@type\":\"SearchAction\",\"target\":{\"@type\":\"EntryPoint\",\"urlTemplate\":\"http:\\\/\\\/cad-service.tech\\\/?s={search_term_string}\"},\"query-input\":{\"@type\":\"PropertyValueSpecification\",\"valueRequired\":true,\"valueName\":\"search_term_string\"}}],\"inLanguage\":\"de\"}]}<\/script>\n<!-- \/ Yoast SEO plugin. -->","yoast_head_json":{"title":"Legal Notice - Service for CAD Software","robots":{"index":"index","follow":"follow","max-snippet":"max-snippet:-1","max-image-preview":"max-image-preview:large","max-video-preview":"max-video-preview:-1"},"canonical":"https:\/\/cad-service.tech\/de\/legal-notice\/","og_locale":"de_DE","og_type":"article","og_title":"Legal Notice - Service for CAD Software","og_description":"Legal Notice Michael G\u00fcnther-Geffers Berta-von-Sutter-Platz 26 30173 Hannover Deutschland Tel.: +491702243736 E-Mail: m.guenthergeffers@gmail.com Sales tax identification number: DE369483371 Competent supervisory authority for the provision of audiovisual media services: Lower Saxony State Media Authority (NLM), Seelhorststra\u00dfe 18, 30175 Hanover, Germany We are neither obliged nor willing to participate in dispute resolution proceedings before a consumer arbitration [&hellip;]","og_url":"https:\/\/cad-service.tech\/de\/legal-notice\/","og_site_name":"Service for CAD Software","article_modified_time":"2025-08-01T07:41:11+00:00","twitter_card":"summary_large_image","twitter_misc":{"Gesch\u00e4tzte Lesezeit":"1\u00a0Minute"},"schema":{"@context":"https:\/\/schema.org","@graph":[{"@type":"WebPage","@id":"https:\/\/cad-service.tech\/legal-notice\/","url":"https:\/\/cad-service.tech\/legal-notice\/","name":"Legal Notice - Service for CAD Software","isPartOf":{"@id":"http:\/\/cad-service.tech\/#website"},"datePublished":"2025-04-27T19:06:25+00:00","dateModified":"2025-08-01T07:41:11+00:00","breadcrumb":{"@id":"https:\/\/cad-service.tech\/legal-notice\/#breadcrumb"},"inLanguage":"de","potentialAction":[{"@type":"ReadAction","target":["https:\/\/cad-service.tech\/legal-notice\/"]}]},{"@type":"BreadcrumbList","@id":"https:\/\/cad-service.tech\/legal-notice\/#breadcrumb","itemListElement":[{"@type":"ListItem","position":1,"name":"Startseite","item":"http:\/\/cad-service.tech\/"},{"@type":"ListItem","position":2,"name":"Legal Notice"}]},{"@type":"WebSite","@id":"http:\/\/cad-service.tech\/#website","url":"http:\/\/cad-service.tech\/","name":"Service for CAD Software","description":"Eine andere WordPress-Site.","potentialAction":[{"@type":"SearchAction","target":{"@type":"EntryPoint","urlTemplate":"http:\/\/cad-service.tech\/?s={search_term_string}"},"query-input":{"@type":"PropertyValueSpecification","valueRequired":true,"valueName":"search_term_string"}}],"inLanguage":"de"}]}},"_links":{"self":[{"href":"https:\/\/cad-service.tech\/de\/wp-json\/wp\/v2\/pages\/339","targetHints":{"allow":["GET"]}}],"collection":[{"href":"https:\/\/cad-service.tech\/de\/wp-json\/wp\/v2\/pages"}],"about":[{"href":"https:\/\/cad-service.tech\/de\/wp-json\/wp\/v2\/types\/page"}],"author":[{"embeddable":true,"href":"https:\/\/cad-service.tech\/de\/wp-json\/wp\/v2\/users\/1"}],"replies":[{"embeddable":true,"href":"https:\/\/cad-service.tech\/de\/wp-json\/wp\/v2\/comments?post=339"}],"version-history":[{"count":9,"href":"https:\/\/cad-service.tech\/de\/wp-json\/wp\/v2\/pages\/339\/revisions"}],"predecessor-version":[{"id":1310,"href":"https:\/\/cad-service.tech\/de\/wp-json\/wp\/v2\/pages\/339\/revisions\/1310"}],"wp:attachment":[{"href":"https:\/\/cad-service.tech\/de\/wp-json\/wp\/v2\/media?parent=339"}],"curies":[{"name":"wp","href":"https:\/\/api.w.org\/{rel}","templated":true}]}}