{"id":330,"date":"2025-04-27T19:00:15","date_gmt":"2025-04-27T19:00:15","guid":{"rendered":"http:\/\/cad-service.tech\/?page_id=330"},"modified":"2026-01-05T17:08:45","modified_gmt":"2026-01-05T17:08:45","slug":"scripting","status":"publish","type":"page","link":"https:\/\/cad-service.tech\/de\/scripting\/","title":{"rendered":"Skripting"},"content":{"rendered":"<div data-colibri-id=\"330-c1\" class=\"style-474 style-local-330-c1 position-relative\">\n  <!---->\n  <div data-colibri-component=\"section\" data-colibri-id=\"330-c2\" id=\"custom\" class=\"h-section h-section-global-spacing d-flex align-items-lg-center align-items-md-center align-items-center style-475 style-local-330-c2 position-relative\">\n    <!---->\n    <!---->\n    <div class=\"h-section-grid-container h-section-boxed-container\">\n      <!---->\n      <div data-colibri-id=\"330-c3\" class=\"h-row-container gutters-row-lg-2 gutters-row-md-2 gutters-row-0 gutters-row-v-lg-2 gutters-row-v-md-2 gutters-row-v-2 style-476 style-local-330-c3 position-relative\">\n        <!---->\n        <div class=\"h-row justify-content-lg-center justify-content-md-center justify-content-center align-items-lg-stretch align-items-md-stretch align-items-stretch gutters-col-lg-2 gutters-col-md-2 gutters-col-0 gutters-col-v-lg-2 gutters-col-v-md-2 gutters-col-v-2\">\n          <!---->\n          <div class=\"h-column h-column-container d-flex h-col-lg-auto h-col-md-auto h-col-auto style-477-outer style-local-330-c4-outer\">\n            <div data-colibri-id=\"330-c4\" class=\"d-flex h-flex-basis h-column__inner h-px-lg-2 h-px-md-2 h-px-2 v-inner-lg-2 v-inner-md-2 v-inner-2 style-477 style-local-330-c4 position-relative\">\n              <!---->\n              <!---->\n              <div class=\"w-100 h-y-container h-column__content h-column__v-align flex-basis-100 align-self-lg-start align-self-md-start align-self-start\">\n                <!---->\n                <div data-colibri-id=\"330-c5\" class=\"h-global-transition-all h-heading style-478 style-local-330-c5 position-relative h-element\">\n                  <!---->\n                  <div class=\"h-heading__outer style-478 style-local-330-c5\">\n                    <!---->\n                    <!---->\n                    <h1 class=\"\">Skripting<\/h1>\n                  <\/div>\n                <\/div>\n              <\/div>\n            <\/div>\n          <\/div>\n        <\/div>\n      <\/div>\n    <\/div>\n  <\/div>\n  <div data-colibri-component=\"section\" data-colibri-id=\"330-c6\" id=\"custom-2\" class=\"h-section h-section-global-spacing d-flex align-items-lg-center align-items-md-center align-items-center style-479 style-local-330-c6 position-relative\">\n    <!---->\n    <!---->\n    <div class=\"h-section-grid-container h-section-boxed-container\">\n      <!---->\n      <div data-colibri-id=\"330-c7\" class=\"h-row-container gutters-row-lg-2 gutters-row-md-2 gutters-row-0 gutters-row-v-lg-2 gutters-row-v-md-2 gutters-row-v-2 style-480 style-local-330-c7 position-relative\">\n        <!---->\n        <div class=\"h-row justify-content-lg-center justify-content-md-center justify-content-center align-items-lg-stretch align-items-md-stretch align-items-stretch gutters-col-lg-2 gutters-col-md-2 gutters-col-0 gutters-col-v-lg-2 gutters-col-v-md-2 gutters-col-v-2\">\n          <!---->\n          <div class=\"h-column h-column-container d-flex h-col-lg-auto h-col-md-auto h-col-auto style-481-outer style-local-330-c8-outer\">\n            <div data-colibri-id=\"330-c8\" class=\"d-flex h-flex-basis h-column__inner h-px-lg-0 h-px-md-0 h-px-0 v-inner-lg-0 v-inner-md-0 v-inner-0 style-481 style-local-330-c8 position-relative\">\n              <!---->\n              <!---->\n              <div class=\"w-100 h-y-container h-column__content h-column__v-align flex-basis-100 align-self-lg-start align-self-md-start align-self-start\">\n                <!---->\n                <div data-colibri-id=\"330-c9\" class=\"h-text h-text-component style-488 style-local-330-c9 position-relative h-element\">\n                  <!---->\n                  <!---->\n                  <div class=\"\">\n                    <p>Haben Sie eine Idee f\u00fcr ein Tool in Alias, das Ihren Arbeitsablauf verbessern k\u00f6nnte? Kontaktieren Sie mich, um herauszufinden, ob dies mit einem Dynamo Player-Skript m\u00f6glich ist! Diese Skripte k\u00f6nnen in der Regel innerhalb weniger Stunden oder sogar noch schneller implementiert werden.<\/p>\n                    <p>Ich berechne 100 Euro pro Stunde (innerhalb der EU +19 % MwSt.) f\u00fcr die erfolgreiche Umsetzung der Aufgabenstellung.<\/p>\n                    <p>Schauen Sie sich dieses Video an, um eine Vorstellung davon zu bekommen, was mit Dynamo in Alias m\u00f6glich ist:<\/p>\n                  <\/div>\n                <\/div>\n              <\/div>\n            <\/div>\n          <\/div>\n        <\/div>\n      <\/div>\n    <\/div>\n  <\/div>\n  <div data-colibri-component=\"section\" data-colibri-id=\"330-c10\" id=\"custom-3\" class=\"h-section h-section-global-spacing d-flex align-items-lg-center align-items-md-center align-items-center style-675 style-local-330-c10 position-relative\">\n    <!---->\n    <!---->\n    <div class=\"h-section-grid-container h-section-boxed-container\">\n      <!---->\n      <div data-colibri-id=\"330-c11\" class=\"h-row-container gutters-row-lg-2 gutters-row-md-2 gutters-row-0 gutters-row-v-lg-2 gutters-row-v-md-2 gutters-row-v-2 style-676 style-local-330-c11 position-relative\">\n        <!---->\n        <div class=\"h-row justify-content-lg-center justify-content-md-center justify-content-center align-items-lg-stretch align-items-md-stretch align-items-stretch gutters-col-lg-2 gutters-col-md-2 gutters-col-0 gutters-col-v-lg-2 gutters-col-v-md-2 gutters-col-v-2\">\n          <!---->\n          <div class=\"h-column h-column-container d-flex h-col-lg-auto h-col-md-auto h-col-auto style-677-outer style-local-330-c12-outer\">\n            <div data-colibri-id=\"330-c12\" class=\"d-flex h-flex-basis h-column__inner h-px-lg-2 h-px-md-2 h-px-2 v-inner-lg-2 v-inner-md-2 v-inner-2 style-677 style-local-330-c12 position-relative\">\n              <!---->\n              <!---->\n              <div class=\"w-100 h-y-container h-column__content h-column__v-align flex-basis-100 align-self-lg-start align-self-md-start align-self-start\">\n                <!---->\n                <div data-colibri-id=\"330-c13\" class=\"style-678 style-local-330-c13 position-relative h-element\">\n                  <!---->\n                  <div class=\"\">\n                    <figure class=\"wp-block-embed aligncenter is-type-video is-provider-youtube wp-block-embed-youtube wp-embed-aspect-16-9 wp-has-aspect-ratio\">\n                      <div class=\"wp-block-embed__wrapper\" style=\"background-color: #2B3434; padding-right: 20%; padding-left: 20%;\">\n                        <div class=\"lyte-wrapper\" style=\"width:560px;max-width:100%;margin:5px auto;\"><div class=\"lyMe\" id=\"WYL_njxNRpIkCvs\"><div id=\"lyte_njxNRpIkCvs\" data-src=\"https:\/\/cad-service.tech\/wp-content\/plugins\/wp-youtube-lyte\/lyteCache.php?origThumbUrl=%2F%2Fi.ytimg.com%2Fvi%2FnjxNRpIkCvs%2Fhqdefault.jpg\" class=\"pL\"><div class=\"tC\"><div class=\"tT\"><\/div><\/div><div class=\"play\"><\/div><div class=\"ctrl\"><div class=\"Lctrl\"><\/div><div class=\"Rctrl\"><\/div><\/div><\/div><noscript><a href=\"https:\/\/youtu.be\/njxNRpIkCvs\" rel=\"nofollow\"><img loading=\"lazy\" decoding=\"async\" src=\"https:\/\/cad-service.tech\/wp-content\/plugins\/wp-youtube-lyte\/lyteCache.php?origThumbUrl=https%3A%2F%2Fi.ytimg.com%2Fvi%2FnjxNRpIkCvs%2F0.jpg\" alt=\"YouTube-Video-Thumbnail\" width=\"560\" height=\"295\" \/><br \/>Dieses Video auf YouTube ansehen<\/a><\/noscript><\/div><\/div><div class=\"lL\" style=\"max-width:100%;width:560px;margin:5px auto;\"><\/div>\n                      <\/div>\n                    <\/figure>\n                  <\/div>\n                <\/div>\n              <\/div>\n            <\/div>\n          <\/div>\n        <\/div>\n      <\/div>\n    <\/div>\n  <\/div>\n<\/div>","protected":false},"excerpt":{"rendered":"<p>Scripting Do you have an idea for a tool in Alias which could improve your workflow? Contact me to find out if it is possible via a Dynamo Player script! These scripts can usually be implemented within a few hours or even less. I am charging 100 Euro per hour (within the EU +19 % [&hellip;]<\/p>\n","protected":false},"author":1,"featured_media":0,"parent":0,"menu_order":0,"comment_status":"closed","ping_status":"closed","template":"page-templates\/full-width-page.php","meta":{"footnotes":""},"class_list":["post-330","page","type-page","status-publish","hentry"],"yoast_head":"<!-- This site is optimized with the Yoast SEO plugin v27.5 - https:\/\/yoast.com\/product\/yoast-seo-wordpress\/ -->\n<title>Scripting - Service for CAD Software<\/title>\n<meta name=\"robots\" content=\"index, follow, max-snippet:-1, max-image-preview:large, max-video-preview:-1\" \/>\n<link rel=\"canonical\" href=\"https:\/\/cad-service.tech\/de\/scripting\/\" \/>\n<meta property=\"og:locale\" content=\"de_DE\" \/>\n<meta property=\"og:type\" content=\"article\" \/>\n<meta property=\"og:title\" content=\"Scripting - Service for CAD Software\" \/>\n<meta property=\"og:description\" content=\"Scripting Do you have an idea for a tool in Alias which could improve your workflow? Contact me to find out if it is possible via a Dynamo Player script! These scripts can usually be implemented within a few hours or even less. I am charging 100 Euro per hour (within the EU +19 % [&hellip;]\" \/>\n<meta property=\"og:url\" content=\"https:\/\/cad-service.tech\/de\/scripting\/\" \/>\n<meta property=\"og:site_name\" content=\"Service for CAD Software\" \/>\n<meta property=\"article:modified_time\" content=\"2026-01-05T17:08:45+00:00\" \/>\n<meta name=\"twitter:card\" content=\"summary_large_image\" \/>\n<meta name=\"twitter:label1\" content=\"Gesch\u00e4tzte Lesezeit\" \/>\n\t<meta name=\"twitter:data1\" content=\"1\u00a0Minute\" \/>\n<script type=\"application\/ld+json\" class=\"yoast-schema-graph\">{\"@context\":\"https:\\\/\\\/schema.org\",\"@graph\":[{\"@type\":\"WebPage\",\"@id\":\"https:\\\/\\\/cad-service.tech\\\/scripting\\\/\",\"url\":\"https:\\\/\\\/cad-service.tech\\\/scripting\\\/\",\"name\":\"Scripting - Service for CAD Software\",\"isPartOf\":{\"@id\":\"http:\\\/\\\/cad-service.tech\\\/#website\"},\"datePublished\":\"2025-04-27T19:00:15+00:00\",\"dateModified\":\"2026-01-05T17:08:45+00:00\",\"breadcrumb\":{\"@id\":\"https:\\\/\\\/cad-service.tech\\\/scripting\\\/#breadcrumb\"},\"inLanguage\":\"de\",\"potentialAction\":[{\"@type\":\"ReadAction\",\"target\":[\"https:\\\/\\\/cad-service.tech\\\/scripting\\\/\"]}]},{\"@type\":\"BreadcrumbList\",\"@id\":\"https:\\\/\\\/cad-service.tech\\\/scripting\\\/#breadcrumb\",\"itemListElement\":[{\"@type\":\"ListItem\",\"position\":1,\"name\":\"Startseite\",\"item\":\"http:\\\/\\\/cad-service.tech\\\/\"},{\"@type\":\"ListItem\",\"position\":2,\"name\":\"Scripting\"}]},{\"@type\":\"WebSite\",\"@id\":\"http:\\\/\\\/cad-service.tech\\\/#website\",\"url\":\"http:\\\/\\\/cad-service.tech\\\/\",\"name\":\"Service for CAD Software\",\"description\":\"Eine andere WordPress-Site.\",\"potentialAction\":[{\"@type\":\"SearchAction\",\"target\":{\"@type\":\"EntryPoint\",\"urlTemplate\":\"http:\\\/\\\/cad-service.tech\\\/?s={search_term_string}\"},\"query-input\":{\"@type\":\"PropertyValueSpecification\",\"valueRequired\":true,\"valueName\":\"search_term_string\"}}],\"inLanguage\":\"de\"}]}<\/script>\n<!-- \/ Yoast SEO plugin. -->","yoast_head_json":{"title":"Scripting - Service for CAD Software","robots":{"index":"index","follow":"follow","max-snippet":"max-snippet:-1","max-image-preview":"max-image-preview:large","max-video-preview":"max-video-preview:-1"},"canonical":"https:\/\/cad-service.tech\/de\/scripting\/","og_locale":"de_DE","og_type":"article","og_title":"Scripting - Service for CAD Software","og_description":"Scripting Do you have an idea for a tool in Alias which could improve your workflow? Contact me to find out if it is possible via a Dynamo Player script! These scripts can usually be implemented within a few hours or even less. I am charging 100 Euro per hour (within the EU +19 % [&hellip;]","og_url":"https:\/\/cad-service.tech\/de\/scripting\/","og_site_name":"Service for CAD Software","article_modified_time":"2026-01-05T17:08:45+00:00","twitter_card":"summary_large_image","twitter_misc":{"Gesch\u00e4tzte Lesezeit":"1\u00a0Minute"},"schema":{"@context":"https:\/\/schema.org","@graph":[{"@type":"WebPage","@id":"https:\/\/cad-service.tech\/scripting\/","url":"https:\/\/cad-service.tech\/scripting\/","name":"Scripting - Service for CAD Software","isPartOf":{"@id":"http:\/\/cad-service.tech\/#website"},"datePublished":"2025-04-27T19:00:15+00:00","dateModified":"2026-01-05T17:08:45+00:00","breadcrumb":{"@id":"https:\/\/cad-service.tech\/scripting\/#breadcrumb"},"inLanguage":"de","potentialAction":[{"@type":"ReadAction","target":["https:\/\/cad-service.tech\/scripting\/"]}]},{"@type":"BreadcrumbList","@id":"https:\/\/cad-service.tech\/scripting\/#breadcrumb","itemListElement":[{"@type":"ListItem","position":1,"name":"Startseite","item":"http:\/\/cad-service.tech\/"},{"@type":"ListItem","position":2,"name":"Scripting"}]},{"@type":"WebSite","@id":"http:\/\/cad-service.tech\/#website","url":"http:\/\/cad-service.tech\/","name":"Service for CAD Software","description":"Eine andere WordPress-Site.","potentialAction":[{"@type":"SearchAction","target":{"@type":"EntryPoint","urlTemplate":"http:\/\/cad-service.tech\/?s={search_term_string}"},"query-input":{"@type":"PropertyValueSpecification","valueRequired":true,"valueName":"search_term_string"}}],"inLanguage":"de"}]}},"_links":{"self":[{"href":"https:\/\/cad-service.tech\/de\/wp-json\/wp\/v2\/pages\/330","targetHints":{"allow":["GET"]}}],"collection":[{"href":"https:\/\/cad-service.tech\/de\/wp-json\/wp\/v2\/pages"}],"about":[{"href":"https:\/\/cad-service.tech\/de\/wp-json\/wp\/v2\/types\/page"}],"author":[{"embeddable":true,"href":"https:\/\/cad-service.tech\/de\/wp-json\/wp\/v2\/users\/1"}],"replies":[{"embeddable":true,"href":"https:\/\/cad-service.tech\/de\/wp-json\/wp\/v2\/comments?post=330"}],"version-history":[{"count":20,"href":"https:\/\/cad-service.tech\/de\/wp-json\/wp\/v2\/pages\/330\/revisions"}],"predecessor-version":[{"id":1577,"href":"https:\/\/cad-service.tech\/de\/wp-json\/wp\/v2\/pages\/330\/revisions\/1577"}],"wp:attachment":[{"href":"https:\/\/cad-service.tech\/de\/wp-json\/wp\/v2\/media?parent=330"}],"curies":[{"name":"wp","href":"https:\/\/api.w.org\/{rel}","templated":true}]}}