{"id":321,"date":"2025-04-27T18:57:34","date_gmt":"2025-04-27T18:57:34","guid":{"rendered":"http:\/\/cad-service.tech\/?page_id=321"},"modified":"2025-06-30T08:42:42","modified_gmt":"2025-06-30T08:42:42","slug":"consulting","status":"publish","type":"page","link":"https:\/\/cad-service.tech\/de\/consulting\/","title":{"rendered":"Beratung"},"content":{"rendered":"<div data-colibri-id=\"321-c1\" class=\"style-455 style-local-321-c1 position-relative\">\r\n  <!---->\r\n  <div data-colibri-component=\"section\" data-colibri-id=\"321-c2\" id=\"custom\" class=\"h-section h-section-global-spacing d-flex align-items-lg-center align-items-md-center align-items-center style-456 style-local-321-c2 position-relative\">\r\n    <!---->\r\n    <!---->\r\n    <div class=\"h-section-grid-container h-section-boxed-container\">\r\n      <!---->\r\n      <div data-colibri-id=\"321-c3\" class=\"h-row-container gutters-row-lg-2 gutters-row-md-2 gutters-row-0 gutters-row-v-lg-2 gutters-row-v-md-2 gutters-row-v-2 style-457 style-local-321-c3 position-relative\">\r\n        <!---->\r\n        <div class=\"h-row justify-content-lg-center justify-content-md-center justify-content-center align-items-lg-stretch align-items-md-stretch align-items-stretch gutters-col-lg-2 gutters-col-md-2 gutters-col-0 gutters-col-v-lg-2 gutters-col-v-md-2 gutters-col-v-2\">\r\n          <!---->\r\n          <div class=\"h-column h-column-container d-flex h-col-lg-auto h-col-md-auto h-col-auto style-458-outer style-local-321-c4-outer\">\r\n            <div data-colibri-id=\"321-c4\" class=\"d-flex h-flex-basis h-column__inner h-px-lg-2 h-px-md-2 h-px-2 v-inner-lg-2 v-inner-md-2 v-inner-2 style-458 style-local-321-c4 position-relative\">\r\n              <!---->\r\n              <!---->\r\n              <div class=\"w-100 h-y-container h-column__content h-column__v-align flex-basis-100 align-self-lg-start align-self-md-start align-self-start\">\r\n                <!---->\r\n                <div data-colibri-id=\"321-c5\" class=\"h-global-transition-all h-heading style-459 style-local-321-c5 position-relative h-element\">\r\n                  <!---->\r\n                  <div class=\"h-heading__outer style-459 style-local-321-c5\">\r\n                    <!---->\r\n                    <!---->\r\n                    <h1 class=\"\">Beratung<\/h1>\r\n                  <\/div>\r\n                <\/div>\r\n              <\/div>\r\n            <\/div>\r\n          <\/div>\r\n        <\/div>\r\n      <\/div>\r\n    <\/div>\r\n  <\/div>\r\n  <div data-colibri-component=\"section\" data-colibri-id=\"321-c6\" id=\"custom-2\" class=\"h-section h-section-global-spacing d-flex align-items-lg-center align-items-md-center align-items-center style-464 style-local-321-c6 position-relative\">\r\n    <!---->\r\n    <!---->\r\n    <div class=\"h-section-grid-container h-section-boxed-container\">\r\n      <!---->\r\n      <div data-colibri-id=\"321-c7\" class=\"h-row-container gutters-row-lg-0 gutters-row-md-0 gutters-row-0 gutters-row-v-lg-0 gutters-row-v-md-0 gutters-row-v-0 style-465 style-local-321-c7 position-relative\">\r\n        <!---->\r\n        <div class=\"h-row justify-content-lg-start justify-content-md-start justify-content-start align-items-lg-stretch align-items-md-stretch align-items-stretch gutters-col-lg-0 gutters-col-md-0 gutters-col-0 gutters-col-v-lg-0 gutters-col-v-md-0 gutters-col-v-0\">\r\n          <!---->\r\n          <div class=\"h-column h-column-container d-flex h-col-lg-auto h-col-md-auto h-col-auto style-466-outer style-local-321-c8-outer\">\r\n            <div data-colibri-id=\"321-c8\" class=\"d-flex h-flex-basis h-column__inner h-px-lg-0 h-px-md-0 h-px-0 v-inner-lg-0 v-inner-md-0 v-inner-0 style-466 style-local-321-c8 position-relative\">\r\n              <!---->\r\n              <!---->\r\n              <div class=\"w-100 h-y-container h-column__content h-column__v-align flex-basis-100 align-self-lg-start align-self-md-start align-self-start\">\r\n                <!---->\r\n                <div data-colibri-id=\"321-c9\" class=\"h-text h-text-component style-467 style-local-321-c9 position-relative h-element\">\r\n                  <!---->\r\n                  <!---->\r\n                  <div class=\"\">\r\n                    <p>Wenn Sie bereits Arbeitsabl\u00e4ufe unter der Verwendung von Dynamo haben, kann ich Ihnen helfen, diese zu verbessern. \nFalls Sie komplett neue oder zus\u00e4tzliche einf\u00fchren wollen, kann ich Ihnen Ideen und Anleitungen geben, wie Sie dies tun k\u00f6nnen.\nIch kann Ihnen auch fachkundige Ratschl\u00e4ge geben, was man mit Dynamo machen kann und was nicht.\nZus\u00e4tzlich kann ich Ihnen helfen, Ideen f\u00fcr den kreativen Einsatz von Dynamo zu entwickeln. \nDies beinhaltet (und ist nicht beschr\u00e4nkt auf) die Verwendung von Bildern zur Erstellung und \u00c4nderung von Geometrien, \nglobale \u00c4nderungswerkzeuge f\u00fcr Nurbs und Subdivision-Objekte, die Verwendung von Dynamo zur Unterst\u00fctzung der Erstellung von Geometrien in Class-A-Qualit\u00e4t und vieles mehr.<\/p>\r\n                    <p>Ich kann mir auch Ihre Dynamo- und Dynamo Player-Skripte ansehen und Vorschl\u00e4ge f\u00fcr Performance- und\/oder Qualit\u00e4tsverbesserungen machen.<\/p>\r\n                    <p>Ich berechne 100 Euro (<span style=\"font-weight: 400; font-size: 16px; font-family: &quot;Open Sans&quot;; color: rgb(255, 255, 255);\">innerhalb der EU +19% MwSt.<\/span>) pro Stunde f\u00fcr diese Art von Beratungsaufgaben.<\/p>\r\n                  <\/div>\r\n                <\/div>\r\n              <\/div>\r\n            <\/div>\r\n          <\/div>\r\n        <\/div>\r\n      <\/div>\r\n    <\/div>\r\n  <\/div>\r\n  <div data-colibri-component=\"section\" data-colibri-id=\"321-c10\" id=\"custom-3\" class=\"h-section h-section-global-spacing d-flex align-items-lg-center align-items-md-center align-items-center style-560 style-local-321-c10 position-relative\">\r\n    <!---->\r\n    <!---->\r\n    <div class=\"h-section-grid-container h-section-boxed-container\">\r\n      <!---->\r\n      <div data-colibri-id=\"321-c11\" class=\"h-row-container gutters-row-lg-2 gutters-row-md-2 gutters-row-0 gutters-row-v-lg-2 gutters-row-v-md-2 gutters-row-v-2 style-561 style-local-321-c11 position-relative\">\r\n        <!---->\r\n        <div class=\"h-row justify-content-lg-center justify-content-md-center justify-content-center align-items-lg-stretch align-items-md-stretch align-items-stretch gutters-col-lg-2 gutters-col-md-2 gutters-col-0 gutters-col-v-lg-2 gutters-col-v-md-2 gutters-col-v-2\">\r\n          <!---->\r\n          <div class=\"h-column h-column-container d-flex h-col-lg-auto h-col-md-auto h-col-auto style-562-outer style-local-321-c12-outer\">\r\n            <div data-colibri-id=\"321-c12\" class=\"d-flex h-flex-basis h-column__inner h-px-lg-2 h-px-md-2 h-px-2 v-inner-lg-2 v-inner-md-2 v-inner-2 style-562 style-local-321-c12 position-relative\">\r\n              <!---->\r\n              <!---->\r\n              <div class=\"w-100 h-y-container h-column__content h-column__v-align flex-basis-100 align-self-lg-start align-self-md-start align-self-start\">\r\n                <!---->\r\n                <div data-colibri-id=\"321-c13\" class=\"h-text h-text-component style-563 style-local-321-c13 position-relative h-element\">\r\n                  <!---->\r\n                  <!---->\r\n                  <div class=\"\">\r\n                    <p>\r\n                      <br>\r\n                    <\/p>\r\n                    <p>\r\n                      <br>\r\n                    <\/p>\r\n                    <p>\r\n                      <br>\r\n                    <\/p>\r\n                    <p>\r\n                      <br>\r\n                    <\/p>\r\n                    <p>\r\n                      <br>\r\n                    <\/p>\r\n                    <p>\r\n                      <br>\r\n                    <\/p>\r\n                    <p>\r\n                      <br>\r\n                    <\/p>\r\n                    <p>\r\n                      <br>\r\n                    <\/p>\r\n                    <p>\r\n                      <br>\r\n                    <\/p>\r\n                  <\/div>\r\n                <\/div>\r\n              <\/div>\r\n            <\/div>\r\n          <\/div>\r\n        <\/div>\r\n      <\/div>\r\n    <\/div>\r\n  <\/div>\r\n<\/div>","protected":false},"excerpt":{"rendered":"<p>Consulting If you already have Dynamo related workflows, I can help you improving them. If you want to introduce them, I can give you ideas and instructions of how to do this. I can also share expert advice of what can be done (and what not) with Dynamo, and help you to come up with [&hellip;]<\/p>\n","protected":false},"author":1,"featured_media":0,"parent":0,"menu_order":0,"comment_status":"closed","ping_status":"closed","template":"page-templates\/full-width-page.php","meta":{"footnotes":""},"class_list":["post-321","page","type-page","status-publish","hentry"],"yoast_head":"<!-- This site is optimized with the Yoast SEO plugin v27.5 - https:\/\/yoast.com\/product\/yoast-seo-wordpress\/ -->\n<title>Consulting - Service for CAD Software<\/title>\n<meta name=\"robots\" content=\"index, follow, max-snippet:-1, max-image-preview:large, max-video-preview:-1\" \/>\n<link rel=\"canonical\" href=\"https:\/\/cad-service.tech\/de\/consulting\/\" \/>\n<meta property=\"og:locale\" content=\"de_DE\" \/>\n<meta property=\"og:type\" content=\"article\" \/>\n<meta property=\"og:title\" content=\"Consulting - Service for CAD Software\" \/>\n<meta property=\"og:description\" content=\"Consulting If you already have Dynamo related workflows, I can help you improving them. If you want to introduce them, I can give you ideas and instructions of how to do this. I can also share expert advice of what can be done (and what not) with Dynamo, and help you to come up with [&hellip;]\" \/>\n<meta property=\"og:url\" content=\"https:\/\/cad-service.tech\/de\/consulting\/\" \/>\n<meta property=\"og:site_name\" content=\"Service for CAD Software\" \/>\n<meta property=\"article:modified_time\" content=\"2025-06-30T08:42:42+00:00\" \/>\n<meta name=\"twitter:card\" content=\"summary_large_image\" \/>\n<meta name=\"twitter:label1\" content=\"Gesch\u00e4tzte Lesezeit\" \/>\n\t<meta name=\"twitter:data1\" content=\"1\u00a0Minute\" \/>\n<script type=\"application\/ld+json\" class=\"yoast-schema-graph\">{\"@context\":\"https:\\\/\\\/schema.org\",\"@graph\":[{\"@type\":\"WebPage\",\"@id\":\"https:\\\/\\\/cad-service.tech\\\/consulting\\\/\",\"url\":\"https:\\\/\\\/cad-service.tech\\\/consulting\\\/\",\"name\":\"Consulting - Service for CAD Software\",\"isPartOf\":{\"@id\":\"http:\\\/\\\/cad-service.tech\\\/#website\"},\"datePublished\":\"2025-04-27T18:57:34+00:00\",\"dateModified\":\"2025-06-30T08:42:42+00:00\",\"breadcrumb\":{\"@id\":\"https:\\\/\\\/cad-service.tech\\\/consulting\\\/#breadcrumb\"},\"inLanguage\":\"de\",\"potentialAction\":[{\"@type\":\"ReadAction\",\"target\":[\"https:\\\/\\\/cad-service.tech\\\/consulting\\\/\"]}]},{\"@type\":\"BreadcrumbList\",\"@id\":\"https:\\\/\\\/cad-service.tech\\\/consulting\\\/#breadcrumb\",\"itemListElement\":[{\"@type\":\"ListItem\",\"position\":1,\"name\":\"Startseite\",\"item\":\"http:\\\/\\\/cad-service.tech\\\/\"},{\"@type\":\"ListItem\",\"position\":2,\"name\":\"Consulting\"}]},{\"@type\":\"WebSite\",\"@id\":\"http:\\\/\\\/cad-service.tech\\\/#website\",\"url\":\"http:\\\/\\\/cad-service.tech\\\/\",\"name\":\"Service for CAD Software\",\"description\":\"Eine andere WordPress-Site.\",\"potentialAction\":[{\"@type\":\"SearchAction\",\"target\":{\"@type\":\"EntryPoint\",\"urlTemplate\":\"http:\\\/\\\/cad-service.tech\\\/?s={search_term_string}\"},\"query-input\":{\"@type\":\"PropertyValueSpecification\",\"valueRequired\":true,\"valueName\":\"search_term_string\"}}],\"inLanguage\":\"de\"}]}<\/script>\n<!-- \/ Yoast SEO plugin. -->","yoast_head_json":{"title":"Consulting - Service for CAD Software","robots":{"index":"index","follow":"follow","max-snippet":"max-snippet:-1","max-image-preview":"max-image-preview:large","max-video-preview":"max-video-preview:-1"},"canonical":"https:\/\/cad-service.tech\/de\/consulting\/","og_locale":"de_DE","og_type":"article","og_title":"Consulting - Service for CAD Software","og_description":"Consulting If you already have Dynamo related workflows, I can help you improving them. If you want to introduce them, I can give you ideas and instructions of how to do this. I can also share expert advice of what can be done (and what not) with Dynamo, and help you to come up with [&hellip;]","og_url":"https:\/\/cad-service.tech\/de\/consulting\/","og_site_name":"Service for CAD Software","article_modified_time":"2025-06-30T08:42:42+00:00","twitter_card":"summary_large_image","twitter_misc":{"Gesch\u00e4tzte Lesezeit":"1\u00a0Minute"},"schema":{"@context":"https:\/\/schema.org","@graph":[{"@type":"WebPage","@id":"https:\/\/cad-service.tech\/consulting\/","url":"https:\/\/cad-service.tech\/consulting\/","name":"Consulting - Service for CAD Software","isPartOf":{"@id":"http:\/\/cad-service.tech\/#website"},"datePublished":"2025-04-27T18:57:34+00:00","dateModified":"2025-06-30T08:42:42+00:00","breadcrumb":{"@id":"https:\/\/cad-service.tech\/consulting\/#breadcrumb"},"inLanguage":"de","potentialAction":[{"@type":"ReadAction","target":["https:\/\/cad-service.tech\/consulting\/"]}]},{"@type":"BreadcrumbList","@id":"https:\/\/cad-service.tech\/consulting\/#breadcrumb","itemListElement":[{"@type":"ListItem","position":1,"name":"Startseite","item":"http:\/\/cad-service.tech\/"},{"@type":"ListItem","position":2,"name":"Consulting"}]},{"@type":"WebSite","@id":"http:\/\/cad-service.tech\/#website","url":"http:\/\/cad-service.tech\/","name":"Service for CAD Software","description":"Eine andere WordPress-Site.","potentialAction":[{"@type":"SearchAction","target":{"@type":"EntryPoint","urlTemplate":"http:\/\/cad-service.tech\/?s={search_term_string}"},"query-input":{"@type":"PropertyValueSpecification","valueRequired":true,"valueName":"search_term_string"}}],"inLanguage":"de"}]}},"_links":{"self":[{"href":"https:\/\/cad-service.tech\/de\/wp-json\/wp\/v2\/pages\/321","targetHints":{"allow":["GET"]}}],"collection":[{"href":"https:\/\/cad-service.tech\/de\/wp-json\/wp\/v2\/pages"}],"about":[{"href":"https:\/\/cad-service.tech\/de\/wp-json\/wp\/v2\/types\/page"}],"author":[{"embeddable":true,"href":"https:\/\/cad-service.tech\/de\/wp-json\/wp\/v2\/users\/1"}],"replies":[{"embeddable":true,"href":"https:\/\/cad-service.tech\/de\/wp-json\/wp\/v2\/comments?post=321"}],"version-history":[{"count":13,"href":"https:\/\/cad-service.tech\/de\/wp-json\/wp\/v2\/pages\/321\/revisions"}],"predecessor-version":[{"id":1197,"href":"https:\/\/cad-service.tech\/de\/wp-json\/wp\/v2\/pages\/321\/revisions\/1197"}],"wp:attachment":[{"href":"https:\/\/cad-service.tech\/de\/wp-json\/wp\/v2\/media?parent=321"}],"curies":[{"name":"wp","href":"https:\/\/api.w.org\/{rel}","templated":true}]}}