{"id":259,"date":"2025-04-20T09:36:16","date_gmt":"2025-04-20T09:36:16","guid":{"rendered":"http:\/\/cad-service.tech\/?page_id=259"},"modified":"2025-07-01T07:21:36","modified_gmt":"2025-07-01T07:21:36","slug":"about-me","status":"publish","type":"page","link":"https:\/\/cad-service.tech\/de\/about-me\/","title":{"rendered":"\u00dcber mich"},"content":{"rendered":"<div data-colibri-id=\"259-c1\" class=\"style-331 style-local-259-c1 position-relative\">\r\n  <!---->\r\n  <div data-colibri-component=\"section\" data-colibri-id=\"259-c2\" id=\"custom\" class=\"h-section h-section-global-spacing d-flex align-items-lg-center align-items-md-center align-items-center style-360 style-local-259-c2 position-relative\">\r\n    <!---->\r\n    <!---->\r\n    <div class=\"h-section-grid-container h-section-boxed-container\">\r\n      <!---->\r\n      <div data-colibri-id=\"259-c3\" class=\"h-row-container gutters-row-lg-2 gutters-row-md-2 gutters-row-0 gutters-row-v-lg-2 gutters-row-v-md-2 gutters-row-v-2 style-361 style-local-259-c3 position-relative\">\r\n        <!---->\r\n        <div class=\"h-row justify-content-lg-center justify-content-md-center justify-content-center align-items-lg-stretch align-items-md-stretch align-items-stretch gutters-col-lg-2 gutters-col-md-2 gutters-col-0 gutters-col-v-lg-2 gutters-col-v-md-2 gutters-col-v-2\">\r\n          <!---->\r\n          <div class=\"h-column h-column-container d-flex h-col-lg-auto h-col-md-auto h-col-auto style-362-outer style-local-259-c4-outer\">\r\n            <div data-colibri-id=\"259-c4\" class=\"d-flex h-flex-basis h-column__inner h-px-lg-2 h-px-md-2 h-px-2 v-inner-lg-2 v-inner-md-2 v-inner-2 style-362 style-local-259-c4 position-relative\">\r\n              <!---->\r\n              <!---->\r\n              <div class=\"w-100 h-y-container h-column__content h-column__v-align flex-basis-100 align-self-lg-start align-self-md-start align-self-start\">\r\n                <!---->\r\n                <div data-colibri-id=\"259-c5\" class=\"h-global-transition-all h-heading style-363 style-local-259-c5 position-relative h-element\">\r\n                  <!---->\r\n                  <div class=\"h-heading__outer style-363 style-local-259-c5\">\r\n                    <!---->\r\n                    <!---->\r\n                    <h1 class=\"\">\u00dcber mich<\/h1>\r\n                  <\/div>\r\n                <\/div>\r\n              <\/div>\r\n            <\/div>\r\n          <\/div>\r\n        <\/div>\r\n      <\/div>\r\n    <\/div>\r\n  <\/div>\r\n  <div data-colibri-component=\"section\" data-colibri-id=\"259-c6\" id=\"about\" class=\"h-section h-section-global-spacing d-flex align-items-lg-center align-items-md-center align-items-center style-522 style-local-259-c6 position-relative\">\r\n    <!---->\r\n    <!---->\r\n    <div class=\"h-section-grid-container h-section-boxed-container\">\r\n      <!---->\r\n      <div data-colibri-id=\"259-c7\" class=\"h-row-container gutters-row-lg-0 gutters-row-md-0 gutters-row-0 gutters-row-v-lg-0 gutters-row-v-md-0 gutters-row-v-0 style-523 style-local-259-c7 position-relative\">\r\n        <!---->\r\n        <div class=\"h-row justify-content-lg-center justify-content-md-center justify-content-center align-items-lg-stretch align-items-md-stretch align-items-stretch gutters-col-lg-0 gutters-col-md-0 gutters-col-0 gutters-col-v-lg-0 gutters-col-v-md-0 gutters-col-v-0\">\r\n          <!---->\r\n          <div class=\"h-column h-column-container d-flex h-col-lg-auto h-col-md-auto h-col-auto style-524-outer style-local-259-c8-outer\">\r\n            <div data-colibri-id=\"259-c8\" class=\"d-flex h-flex-basis h-column__inner h-ui-empty-state-container h-px-lg-0 h-px-md-0 h-px-0 v-inner-lg-0 v-inner-md-0 v-inner-0 style-524 style-local-259-c8 position-relative\">\r\n              <!---->\r\n              <!---->\r\n              <div class=\"w-100 h-y-container h-column__content h-column__v-align flex-basis-100\">\r\n                <!---->\r\n              <\/div>\r\n            <\/div>\r\n          <\/div>\r\n          <div class=\"h-column h-column-container d-flex h-col-lg-auto h-col-md-auto h-col-auto style-525-outer style-local-259-c9-outer\">\r\n            <div data-colibri-id=\"259-c9\" class=\"d-flex h-flex-basis h-column__inner h-px-lg-2 h-px-md-2 h-px-2 v-inner-lg-2 v-inner-md-2 v-inner-2 style-525 style-local-259-c9 position-relative\">\r\n              <!---->\r\n              <!---->\r\n              <div class=\"w-100 h-y-container h-column__content h-column__v-align flex-basis-100 align-self-lg-start align-self-md-start align-self-start\">\r\n                <!---->\r\n                <div data-colibri-id=\"259-c10\" class=\"h-text h-text-component style-528 style-local-259-c10 position-relative h-element\">\r\n                  <!---->\r\n                  <!---->\r\n                  <div class=\"\">\r\n                    <p>Mein Diplom in Mathematik und Informatik habe ich zwar erst 2006 erworben, aber mit CAD-Programmen f\u00fcr die Automobilindustrie arbeite ich bereits seit dem Jahr 2000.\nAngefangen habe ich als Qualit\u00e4tssicherungsingenieur f\u00fcr ICEM Surf und war als solcher sp\u00e4ter auch f\u00fcr dessen Integration in Catia V5 (damals ICEM Shape Design, sp\u00e4ter umbenannt in ICEM Catia) verantwortlich.&nbsp;<\/p>\r\n                    <p>2010 wechselte ich zu Virtual Shape Research (VSR), und war dort QS- und Support-Spezialist, sowie Ersteller von Videoinhalten f\u00fcr ein Rendering- und Class-A-Plugin f\u00fcr Rhinoceros 3D.&nbsp;<\/p>\r\n                    <p>Mit der \u00dcbernahme von VSR im Jahr 2013 kam ich zu Autodesk und arbeitete dort als UX-Designer f\u00fcr SpeedForm und sp\u00e4ter Alias.<\/p>\r\n                    <p>2018 wechselte ich zur\u00fcck in die Qualit\u00e4tssicherung und wurde technischer Leiter f\u00fcr die Tests von Alias.\n2019 wurde ich Qualit\u00e4tssicherungs-Manager f\u00fcr die Automotive-Produkte Alias und ShotGrid (jetzt Production Flow Tracking).\nZu der Zeit begann ich auch, mich in meiner Freizeit f\u00fcr das Schreiben von Dynamo und Dynamo Player Skripten zu begeistern, um Probleme f\u00fcr Alias-Benutzer zu l\u00f6sen.&nbsp;<\/p>\r\n                    <p>Ich verlie\u00df Autodesk im Sommer 2024, um meine Leidenschaft f\u00fcr die Verbesserung von Alias-Arbeitsabl\u00e4ufen mit Dynamo zu meiner Hauptbesch\u00e4ftigung zu machen.<\/p>\r\n                    <p>Seit M\u00e4rz 2025 unterrichte ich auch Dynamo an der Fachhochschule f\u00fcr Produktdesign in Hannover, Deutschland. <\/p>\r\n                  <\/div>\r\n                <\/div>\r\n              <\/div>\r\n            <\/div>\r\n          <\/div>\r\n        <\/div>\r\n      <\/div>\r\n    <\/div>\r\n  <\/div>\r\n<\/div>","protected":false},"excerpt":{"rendered":"<p>About me While I have achieved my diploma in mathematics and computers in 2006, I have already been in touch with CAD programs for the automotive industry since the year 2000. I started as a quality assurance engineer for ICEM Surf, and later also tested its integration into Catia V5 (ICEM Shape Design at that [&hellip;]<\/p>\n","protected":false},"author":1,"featured_media":0,"parent":0,"menu_order":0,"comment_status":"closed","ping_status":"closed","template":"page-templates\/full-width-page.php","meta":{"footnotes":""},"class_list":["post-259","page","type-page","status-publish","hentry"],"yoast_head":"<!-- This site is optimized with the Yoast SEO plugin v27.5 - https:\/\/yoast.com\/product\/yoast-seo-wordpress\/ -->\n<title>About me - Service for CAD Software<\/title>\n<meta name=\"robots\" content=\"index, follow, max-snippet:-1, max-image-preview:large, max-video-preview:-1\" \/>\n<link rel=\"canonical\" href=\"https:\/\/cad-service.tech\/de\/about-me\/\" \/>\n<meta property=\"og:locale\" content=\"de_DE\" \/>\n<meta property=\"og:type\" content=\"article\" \/>\n<meta property=\"og:title\" content=\"About me - Service for CAD Software\" \/>\n<meta property=\"og:description\" content=\"About me While I have achieved my diploma in mathematics and computers in 2006, I have already been in touch with CAD programs for the automotive industry since the year 2000. I started as a quality assurance engineer for ICEM Surf, and later also tested its integration into Catia V5 (ICEM Shape Design at that [&hellip;]\" \/>\n<meta property=\"og:url\" content=\"https:\/\/cad-service.tech\/de\/about-me\/\" \/>\n<meta property=\"og:site_name\" content=\"Service for CAD Software\" \/>\n<meta property=\"article:modified_time\" content=\"2025-07-01T07:21:36+00:00\" \/>\n<meta name=\"twitter:card\" content=\"summary_large_image\" \/>\n<meta name=\"twitter:label1\" content=\"Gesch\u00e4tzte Lesezeit\" \/>\n\t<meta name=\"twitter:data1\" content=\"2\u00a0Minuten\" \/>\n<script type=\"application\/ld+json\" class=\"yoast-schema-graph\">{\"@context\":\"https:\\\/\\\/schema.org\",\"@graph\":[{\"@type\":\"WebPage\",\"@id\":\"https:\\\/\\\/cad-service.tech\\\/about-me\\\/\",\"url\":\"https:\\\/\\\/cad-service.tech\\\/about-me\\\/\",\"name\":\"About me - Service for CAD Software\",\"isPartOf\":{\"@id\":\"http:\\\/\\\/cad-service.tech\\\/#website\"},\"datePublished\":\"2025-04-20T09:36:16+00:00\",\"dateModified\":\"2025-07-01T07:21:36+00:00\",\"breadcrumb\":{\"@id\":\"https:\\\/\\\/cad-service.tech\\\/about-me\\\/#breadcrumb\"},\"inLanguage\":\"de\",\"potentialAction\":[{\"@type\":\"ReadAction\",\"target\":[\"https:\\\/\\\/cad-service.tech\\\/about-me\\\/\"]}]},{\"@type\":\"BreadcrumbList\",\"@id\":\"https:\\\/\\\/cad-service.tech\\\/about-me\\\/#breadcrumb\",\"itemListElement\":[{\"@type\":\"ListItem\",\"position\":1,\"name\":\"Startseite\",\"item\":\"http:\\\/\\\/cad-service.tech\\\/\"},{\"@type\":\"ListItem\",\"position\":2,\"name\":\"About me\"}]},{\"@type\":\"WebSite\",\"@id\":\"http:\\\/\\\/cad-service.tech\\\/#website\",\"url\":\"http:\\\/\\\/cad-service.tech\\\/\",\"name\":\"Service for CAD Software\",\"description\":\"Eine andere WordPress-Site.\",\"potentialAction\":[{\"@type\":\"SearchAction\",\"target\":{\"@type\":\"EntryPoint\",\"urlTemplate\":\"http:\\\/\\\/cad-service.tech\\\/?s={search_term_string}\"},\"query-input\":{\"@type\":\"PropertyValueSpecification\",\"valueRequired\":true,\"valueName\":\"search_term_string\"}}],\"inLanguage\":\"de\"}]}<\/script>\n<!-- \/ Yoast SEO plugin. -->","yoast_head_json":{"title":"About me - Service for CAD Software","robots":{"index":"index","follow":"follow","max-snippet":"max-snippet:-1","max-image-preview":"max-image-preview:large","max-video-preview":"max-video-preview:-1"},"canonical":"https:\/\/cad-service.tech\/de\/about-me\/","og_locale":"de_DE","og_type":"article","og_title":"About me - Service for CAD Software","og_description":"About me While I have achieved my diploma in mathematics and computers in 2006, I have already been in touch with CAD programs for the automotive industry since the year 2000. I started as a quality assurance engineer for ICEM Surf, and later also tested its integration into Catia V5 (ICEM Shape Design at that [&hellip;]","og_url":"https:\/\/cad-service.tech\/de\/about-me\/","og_site_name":"Service for CAD Software","article_modified_time":"2025-07-01T07:21:36+00:00","twitter_card":"summary_large_image","twitter_misc":{"Gesch\u00e4tzte Lesezeit":"2\u00a0Minuten"},"schema":{"@context":"https:\/\/schema.org","@graph":[{"@type":"WebPage","@id":"https:\/\/cad-service.tech\/about-me\/","url":"https:\/\/cad-service.tech\/about-me\/","name":"About me - Service for CAD Software","isPartOf":{"@id":"http:\/\/cad-service.tech\/#website"},"datePublished":"2025-04-20T09:36:16+00:00","dateModified":"2025-07-01T07:21:36+00:00","breadcrumb":{"@id":"https:\/\/cad-service.tech\/about-me\/#breadcrumb"},"inLanguage":"de","potentialAction":[{"@type":"ReadAction","target":["https:\/\/cad-service.tech\/about-me\/"]}]},{"@type":"BreadcrumbList","@id":"https:\/\/cad-service.tech\/about-me\/#breadcrumb","itemListElement":[{"@type":"ListItem","position":1,"name":"Startseite","item":"http:\/\/cad-service.tech\/"},{"@type":"ListItem","position":2,"name":"About me"}]},{"@type":"WebSite","@id":"http:\/\/cad-service.tech\/#website","url":"http:\/\/cad-service.tech\/","name":"Service for CAD Software","description":"Eine andere WordPress-Site.","potentialAction":[{"@type":"SearchAction","target":{"@type":"EntryPoint","urlTemplate":"http:\/\/cad-service.tech\/?s={search_term_string}"},"query-input":{"@type":"PropertyValueSpecification","valueRequired":true,"valueName":"search_term_string"}}],"inLanguage":"de"}]}},"_links":{"self":[{"href":"https:\/\/cad-service.tech\/de\/wp-json\/wp\/v2\/pages\/259","targetHints":{"allow":["GET"]}}],"collection":[{"href":"https:\/\/cad-service.tech\/de\/wp-json\/wp\/v2\/pages"}],"about":[{"href":"https:\/\/cad-service.tech\/de\/wp-json\/wp\/v2\/types\/page"}],"author":[{"embeddable":true,"href":"https:\/\/cad-service.tech\/de\/wp-json\/wp\/v2\/users\/1"}],"replies":[{"embeddable":true,"href":"https:\/\/cad-service.tech\/de\/wp-json\/wp\/v2\/comments?post=259"}],"version-history":[{"count":17,"href":"https:\/\/cad-service.tech\/de\/wp-json\/wp\/v2\/pages\/259\/revisions"}],"predecessor-version":[{"id":582,"href":"https:\/\/cad-service.tech\/de\/wp-json\/wp\/v2\/pages\/259\/revisions\/582"}],"wp:attachment":[{"href":"https:\/\/cad-service.tech\/de\/wp-json\/wp\/v2\/media?parent=259"}],"curies":[{"name":"wp","href":"https:\/\/api.w.org\/{rel}","templated":true}]}}