{"id":227,"date":"2025-04-20T09:29:04","date_gmt":"2025-04-20T09:29:04","guid":{"rendered":"http:\/\/cad-service.tech\/?page_id=227"},"modified":"2026-01-05T16:19:01","modified_gmt":"2026-01-05T16:19:01","slug":"home","status":"publish","type":"page","link":"https:\/\/cad-service.tech\/de\/","title":{"rendered":"Home"},"content":{"rendered":"<div data-colibri-id=\"227-c1\" class=\"style-368 style-local-227-c1 position-relative\">\n  <!---->\n  <div data-colibri-component=\"section\" data-colibri-id=\"227-c2\" id=\"custom\" class=\"h-section h-section-global-spacing d-flex align-items-lg-center align-items-md-center align-items-center style-369 style-local-227-c2 position-relative\">\n    <!---->\n    <!---->\n    <div class=\"h-section-grid-container h-section-boxed-container\">\n      <!---->\n      <div data-colibri-id=\"227-c3\" class=\"h-row-container gutters-row-lg-2 gutters-row-md-2 gutters-row-0 gutters-row-v-lg-2 gutters-row-v-md-2 gutters-row-v-2 style-370 style-local-227-c3 position-relative\">\n        <!---->\n        <div class=\"h-row justify-content-lg-center justify-content-md-center justify-content-center align-items-lg-stretch align-items-md-stretch align-items-stretch gutters-col-lg-2 gutters-col-md-2 gutters-col-0 gutters-col-v-lg-2 gutters-col-v-md-2 gutters-col-v-2\">\n          <!---->\n          <div class=\"h-column h-column-container d-flex h-col-lg-auto h-col-md-auto h-col-auto style-371-outer style-local-227-c4-outer\">\n            <div data-colibri-id=\"227-c4\" class=\"d-flex h-flex-basis h-column__inner h-px-lg-2 h-px-md-2 h-px-2 v-inner-lg-2 v-inner-md-2 v-inner-2 style-371 style-local-227-c4 position-relative\">\n              <!---->\n              <!---->\n              <div class=\"w-100 h-y-container h-column__content h-column__v-align flex-basis-100 align-self-lg-start align-self-md-start align-self-start\">\n                <!---->\n                <div data-colibri-id=\"227-c5\" class=\"h-global-transition-all h-heading style-372 style-local-227-c5 position-relative h-element\">\n                  <!---->\n                  <div class=\"h-heading__outer style-372 style-local-227-c5\">\n                    <!---->\n                    <!---->\n                    <h1 class=\"\">Verbessern Sie Ihre Alias-Workflows noch heute<\/h1>\n                  <\/div>\n                <\/div>\n              <\/div>\n            <\/div>\n          <\/div>\n        <\/div>\n      <\/div>\n    <\/div>\n  <\/div>\n  <div data-colibri-component=\"section\" data-colibri-id=\"227-c6\" id=\"custom-2\" class=\"h-section h-section-global-spacing d-flex align-items-lg-center align-items-md-center align-items-center style-606 style-local-227-c6 position-relative\">\n    <!---->\n    <!---->\n    <div class=\"h-section-grid-container h-section-boxed-container\">\n      <!---->\n      <div data-colibri-id=\"227-c7\" class=\"h-row-container gutters-row-lg-0 gutters-row-md-0 gutters-row-0 gutters-row-v-lg-0 gutters-row-v-md-0 gutters-row-v-0 style-609 style-local-227-c7 position-relative\">\n        <!---->\n        <div class=\"h-row justify-content-lg-start justify-content-md-start justify-content-start align-items-lg-stretch align-items-md-stretch align-items-stretch gutters-col-lg-0 gutters-col-md-0 gutters-col-0 gutters-col-v-lg-0 gutters-col-v-md-0 gutters-col-v-0\">\n          <!---->\n          <div class=\"h-column h-column-container d-flex h-col-lg-auto h-col-md-auto h-col-auto style-610-outer style-local-227-c8-outer\">\n            <div data-colibri-id=\"227-c8\" class=\"d-flex h-flex-basis h-column__inner h-px-lg-0 h-px-md-0 h-px-0 v-inner-lg-0 v-inner-md-0 v-inner-0 style-610 style-local-227-c8 position-relative\">\n              <!---->\n              <!---->\n              <div class=\"w-100 h-y-container h-column__content h-column__v-align flex-basis-100 align-self-lg-start align-self-md-start align-self-start\">\n                <!---->\n                <div data-colibri-id=\"227-c9\" class=\"h-text h-text-component style-611 style-local-227-c9 position-relative h-element\">\n                  <!---->\n                  <!---->\n                  <div class=\"\">\n                    <p>Seit Alias 2021.2 ist es extrem einfach, Arbeitsabl\u00e4ufe in Alias zu verbessern. \nDiese Optimierungen k\u00f6nnen direkt in der Alias Version durchgef\u00fchrt werden, die Sie momentan verwenden.\n                      <br>\n                    <\/p>\n                    <p>Dynamo kann nicht nur sehr schnell und einfach komplexe Mustergeometrien erzeugen. \nEs erlaubt Ihnen auch, Nurbs-, Subdivision- und Konstruktionselemente-Tools zu erstellen, \ndie sich praktisch genauso verhalten wie normale Alias Tools.\n                      <br>Dies erlaubt es Ihnen auf einfachem Wege, individualisierte Tools auf Ihre Shelf und Marking Men\u00fcs zu legen, die Ihre Arbeitsabl\u00e4ufe verbessern und Ihre Produktivit\u00e4t erh\u00f6hen.<\/p>\n                    <p>Sehen Sie sich dieses Video an, um zu erfahren, wie Sie kostenlos neue und verbesserte Tools zu Ihrem Alias hinzuf\u00fcgen k\u00f6nnen:<\/p>\n                  <\/div>\n                <\/div>\n              <\/div>\n            <\/div>\n          <\/div>\n        <\/div>\n      <\/div>\n    <\/div>\n  <\/div>\n  <div data-colibri-component=\"section\" data-colibri-id=\"227-c10\" id=\"custom-3\" class=\"h-section h-section-global-spacing d-flex align-items-lg-center align-items-md-center align-items-center style-659 style-local-227-c10 position-relative\">\n    <!---->\n    <!---->\n    <div class=\"h-section-grid-container h-section-boxed-container\">\n      <!---->\n      <div data-colibri-id=\"227-c11\" class=\"h-row-container gutters-row-lg-2 gutters-row-md-2 gutters-row-0 gutters-row-v-lg-2 gutters-row-v-md-2 gutters-row-v-2 style-660 style-local-227-c11 position-relative\">\n        <!---->\n        <div class=\"h-row justify-content-lg-center justify-content-md-center justify-content-center align-items-lg-stretch align-items-md-stretch align-items-stretch gutters-col-lg-2 gutters-col-md-2 gutters-col-0 gutters-col-v-lg-2 gutters-col-v-md-2 gutters-col-v-2\">\n          <!---->\n          <div class=\"h-column h-column-container d-flex h-col-lg-auto h-col-md-auto h-col-auto style-661-outer style-local-227-c12-outer\">\n            <div data-colibri-id=\"227-c12\" class=\"d-flex h-flex-basis h-column__inner h-px-lg-2 h-px-md-2 h-px-2 v-inner-lg-2 v-inner-md-2 v-inner-2 style-661 style-local-227-c12 position-relative\">\n              <!---->\n              <!---->\n              <div class=\"w-100 h-y-container h-column__content h-column__v-align flex-basis-100 align-self-lg-start align-self-md-start align-self-start\">\n                <!---->\n                <div data-colibri-id=\"227-c13\" class=\"style-662 style-local-227-c13 position-relative h-element\">\n                  <!---->\n                  <div class=\"\">\n                    <figure class=\"wp-block-embed aligncenter is-type-video is-provider-youtube wp-block-embed-youtube wp-embed-aspect-16-9 wp-has-aspect-ratio\">\n                      <div class=\"wp-block-embed__wrapper\" style=\"background-color: #2B3434; padding-right: 20%; padding-left: 20%;\">\n                        <div class=\"lyte-wrapper\" style=\"width:560px;max-width:100%;margin:5px auto;\"><div class=\"lyMe\" id=\"WYL_pYOx5CKDz_w\"><div id=\"lyte_pYOx5CKDz_w\" data-src=\"https:\/\/cad-service.tech\/wp-content\/plugins\/wp-youtube-lyte\/lyteCache.php?origThumbUrl=%2F%2Fi.ytimg.com%2Fvi%2FpYOx5CKDz_w%2Fhqdefault.jpg\" class=\"pL\"><div class=\"tC\"><div class=\"tT\"><\/div><\/div><div class=\"play\"><\/div><div class=\"ctrl\"><div class=\"Lctrl\"><\/div><div class=\"Rctrl\"><\/div><\/div><\/div><noscript><a href=\"https:\/\/youtu.be\/pYOx5CKDz_w\" rel=\"nofollow\"><img loading=\"lazy\" decoding=\"async\" src=\"https:\/\/cad-service.tech\/wp-content\/plugins\/wp-youtube-lyte\/lyteCache.php?origThumbUrl=https%3A%2F%2Fi.ytimg.com%2Fvi%2FpYOx5CKDz_w%2F0.jpg\" alt=\"YouTube-Video-Thumbnail\" width=\"560\" height=\"295\" \/><br \/>Dieses Video auf YouTube ansehen<\/a><\/noscript><\/div><\/div><div class=\"lL\" style=\"max-width:100%;width:560px;margin:5px auto;\"><\/div>\n                      <\/div>\n                    <\/figure>\n                  <\/div>\n                <\/div>\n              <\/div>\n            <\/div>\n          <\/div>\n        <\/div>\n      <\/div>\n    <\/div>\n  <\/div>\n<\/div>","protected":false},"excerpt":{"rendered":"<p>Improve your Alias workflows today Since Alias 2021.2 it is super easy to improve workflows in Alias. These improvements can be done in the Alias version you are using today. While Dynamo allows you to create patterns with history extremely fast, it can also create Nurbs, Subdivision and Construction Entities tools, that behave nearly the [&hellip;]<\/p>\n","protected":false},"author":1,"featured_media":0,"parent":0,"menu_order":0,"comment_status":"closed","ping_status":"closed","template":"page-templates\/homepage.php","meta":{"footnotes":""},"class_list":["post-227","page","type-page","status-publish","hentry"],"yoast_head":"<!-- This site is optimized with the Yoast SEO plugin v27.5 - https:\/\/yoast.com\/product\/yoast-seo-wordpress\/ -->\n<title>Home - Service for CAD Software<\/title>\n<meta name=\"robots\" content=\"index, follow, max-snippet:-1, max-image-preview:large, max-video-preview:-1\" \/>\n<link rel=\"canonical\" href=\"http:\/\/cad-service.tech\/de\/\" \/>\n<meta property=\"og:locale\" content=\"de_DE\" \/>\n<meta property=\"og:type\" content=\"article\" \/>\n<meta property=\"og:title\" content=\"Home - Service for CAD Software\" \/>\n<meta property=\"og:description\" content=\"Improve your Alias workflows today Since Alias 2021.2 it is super easy to improve workflows in Alias. These improvements can be done in the Alias version you are using today. While Dynamo allows you to create patterns with history extremely fast, it can also create Nurbs, Subdivision and Construction Entities tools, that behave nearly the [&hellip;]\" \/>\n<meta property=\"og:url\" content=\"http:\/\/cad-service.tech\/de\/\" \/>\n<meta property=\"og:site_name\" content=\"Service for CAD Software\" \/>\n<meta property=\"article:modified_time\" content=\"2026-01-05T16:19:01+00:00\" \/>\n<meta name=\"twitter:card\" content=\"summary_large_image\" \/>\n<meta name=\"twitter:label1\" content=\"Gesch\u00e4tzte Lesezeit\" \/>\n\t<meta name=\"twitter:data1\" content=\"1\u00a0Minute\" \/>\n<script type=\"application\/ld+json\" class=\"yoast-schema-graph\">{\"@context\":\"https:\\\/\\\/schema.org\",\"@graph\":[{\"@type\":\"WebPage\",\"@id\":\"http:\\\/\\\/cad-service.tech\\\/\",\"url\":\"http:\\\/\\\/cad-service.tech\\\/\",\"name\":\"Home - Service for CAD Software\",\"isPartOf\":{\"@id\":\"http:\\\/\\\/cad-service.tech\\\/#website\"},\"datePublished\":\"2025-04-20T09:29:04+00:00\",\"dateModified\":\"2026-01-05T16:19:01+00:00\",\"breadcrumb\":{\"@id\":\"http:\\\/\\\/cad-service.tech\\\/#breadcrumb\"},\"inLanguage\":\"de\",\"potentialAction\":[{\"@type\":\"ReadAction\",\"target\":[\"http:\\\/\\\/cad-service.tech\\\/\"]}]},{\"@type\":\"BreadcrumbList\",\"@id\":\"http:\\\/\\\/cad-service.tech\\\/#breadcrumb\",\"itemListElement\":[{\"@type\":\"ListItem\",\"position\":1,\"name\":\"Startseite\",\"item\":\"http:\\\/\\\/cad-service.tech\\\/\"},{\"@type\":\"ListItem\",\"position\":2,\"name\":\"Home\"}]},{\"@type\":\"WebSite\",\"@id\":\"http:\\\/\\\/cad-service.tech\\\/#website\",\"url\":\"http:\\\/\\\/cad-service.tech\\\/\",\"name\":\"Service for CAD Software\",\"description\":\"Eine andere WordPress-Site.\",\"potentialAction\":[{\"@type\":\"SearchAction\",\"target\":{\"@type\":\"EntryPoint\",\"urlTemplate\":\"http:\\\/\\\/cad-service.tech\\\/?s={search_term_string}\"},\"query-input\":{\"@type\":\"PropertyValueSpecification\",\"valueRequired\":true,\"valueName\":\"search_term_string\"}}],\"inLanguage\":\"de\"}]}<\/script>\n<!-- \/ Yoast SEO plugin. -->","yoast_head_json":{"title":"Home - Service for CAD Software","robots":{"index":"index","follow":"follow","max-snippet":"max-snippet:-1","max-image-preview":"max-image-preview:large","max-video-preview":"max-video-preview:-1"},"canonical":"http:\/\/cad-service.tech\/de\/","og_locale":"de_DE","og_type":"article","og_title":"Home - Service for CAD Software","og_description":"Improve your Alias workflows today Since Alias 2021.2 it is super easy to improve workflows in Alias. These improvements can be done in the Alias version you are using today. While Dynamo allows you to create patterns with history extremely fast, it can also create Nurbs, Subdivision and Construction Entities tools, that behave nearly the [&hellip;]","og_url":"http:\/\/cad-service.tech\/de\/","og_site_name":"Service for CAD Software","article_modified_time":"2026-01-05T16:19:01+00:00","twitter_card":"summary_large_image","twitter_misc":{"Gesch\u00e4tzte Lesezeit":"1\u00a0Minute"},"schema":{"@context":"https:\/\/schema.org","@graph":[{"@type":"WebPage","@id":"http:\/\/cad-service.tech\/","url":"http:\/\/cad-service.tech\/","name":"Home - Service for CAD Software","isPartOf":{"@id":"http:\/\/cad-service.tech\/#website"},"datePublished":"2025-04-20T09:29:04+00:00","dateModified":"2026-01-05T16:19:01+00:00","breadcrumb":{"@id":"http:\/\/cad-service.tech\/#breadcrumb"},"inLanguage":"de","potentialAction":[{"@type":"ReadAction","target":["http:\/\/cad-service.tech\/"]}]},{"@type":"BreadcrumbList","@id":"http:\/\/cad-service.tech\/#breadcrumb","itemListElement":[{"@type":"ListItem","position":1,"name":"Startseite","item":"http:\/\/cad-service.tech\/"},{"@type":"ListItem","position":2,"name":"Home"}]},{"@type":"WebSite","@id":"http:\/\/cad-service.tech\/#website","url":"http:\/\/cad-service.tech\/","name":"Service for CAD Software","description":"Eine andere WordPress-Site.","potentialAction":[{"@type":"SearchAction","target":{"@type":"EntryPoint","urlTemplate":"http:\/\/cad-service.tech\/?s={search_term_string}"},"query-input":{"@type":"PropertyValueSpecification","valueRequired":true,"valueName":"search_term_string"}}],"inLanguage":"de"}]}},"_links":{"self":[{"href":"https:\/\/cad-service.tech\/de\/wp-json\/wp\/v2\/pages\/227","targetHints":{"allow":["GET"]}}],"collection":[{"href":"https:\/\/cad-service.tech\/de\/wp-json\/wp\/v2\/pages"}],"about":[{"href":"https:\/\/cad-service.tech\/de\/wp-json\/wp\/v2\/types\/page"}],"author":[{"embeddable":true,"href":"https:\/\/cad-service.tech\/de\/wp-json\/wp\/v2\/users\/1"}],"replies":[{"embeddable":true,"href":"https:\/\/cad-service.tech\/de\/wp-json\/wp\/v2\/comments?post=227"}],"version-history":[{"count":20,"href":"https:\/\/cad-service.tech\/de\/wp-json\/wp\/v2\/pages\/227\/revisions"}],"predecessor-version":[{"id":1445,"href":"https:\/\/cad-service.tech\/de\/wp-json\/wp\/v2\/pages\/227\/revisions\/1445"}],"wp:attachment":[{"href":"https:\/\/cad-service.tech\/de\/wp-json\/wp\/v2\/media?parent=227"}],"curies":[{"name":"wp","href":"https:\/\/api.w.org\/{rel}","templated":true}]}}